{"id":48,"date":"2025-03-04T04:58:24","date_gmt":"2025-03-04T04:58:24","guid":{"rendered":"https:\/\/fotostudiospreitenbach.ch\/?page_id=48"},"modified":"2026-03-18T14:16:06","modified_gmt":"2026-03-18T14:16:06","slug":"home","status":"publish","type":"page","link":"https:\/\/fotostudiospreitenbach.ch\/","title":{"rendered":"Home"},"content":{"rendered":"<p>[et_pb_section fb_built=&#8220;1&#8243; _builder_version=&#8220;4.27.4&#8243; _module_preset=&#8220;default&#8220; background_color=&#8220;RGBA(255,255,255,0)&#8220; background_image=&#8220;https:\/\/fotostudiospreitenbach.ch\/wp-content\/uploads\/2025\/09\/Landingpage.png&#8220; custom_padding=&#8220;||452px|||&#8220; global_colors_info=&#8220;{}&#8220;][et_pb_row column_structure=&#8220;1_2,1_2&#8243; _builder_version=&#8220;4.27.4&#8243; _module_preset=&#8220;default&#8220; global_colors_info=&#8220;{}&#8220;][et_pb_column type=&#8220;1_2&#8243; _builder_version=&#8220;4.27.4&#8243; _module_preset=&#8220;default&#8220; global_colors_info=&#8220;{}&#8220;][\/et_pb_column][et_pb_column type=&#8220;1_2&#8243; _builder_version=&#8220;4.27.4&#8243; _module_preset=&#8220;default&#8220; global_colors_info=&#8220;{}&#8220;][et_pb_image src=&#8220;https:\/\/fotostudiospreitenbach.ch\/wp-content\/uploads\/2024\/10\/logo_FotoStudio_Black.png&#8220; title_text=&#8220;logo_FotoStudio_Black&#8220; _builder_version=&#8220;4.27.4&#8243; _module_preset=&#8220;default&#8220; global_colors_info=&#8220;{}&#8220;][\/et_pb_image][\/et_pb_column][\/et_pb_row][\/et_pb_section][et_pb_section fb_built=&#8220;1&#8243; _builder_version=&#8220;4.27.6&#8243; _module_preset=&#8220;default&#8220; global_colors_info=&#8220;{}&#8220;][et_pb_row column_structure=&#8220;1_2,1_2&#8243; _builder_version=&#8220;4.27.6&#8243; _module_preset=&#8220;default&#8220; global_colors_info=&#8220;{}&#8220;][et_pb_column type=&#8220;1_2&#8243; _builder_version=&#8220;4.27.6&#8243; _module_preset=&#8220;default&#8220; global_colors_info=&#8220;{}&#8220;][et_pb_gallery gallery_ids=&#8220;168,171,172&#8243; fullwidth=&#8220;on&#8220; _builder_version=&#8220;4.27.6&#8243; _module_preset=&#8220;default&#8220; global_colors_info=&#8220;{}&#8220;][\/et_pb_gallery][\/et_pb_column][et_pb_column type=&#8220;1_2&#8243; _builder_version=&#8220;4.27.6&#8243; _module_preset=&#8220;default&#8220; global_colors_info=&#8220;{}&#8220;][et_pb_text _builder_version=&#8220;4.27.6&#8243; _module_preset=&#8220;default&#8220; text_font=&#8220;ABeeZee|&#8211;et_global_body_font_weight|||||||&#8220; text_font_size=&#8220;17px&#8220; inline_fonts=&#8220;ABeeZee&#8220; global_colors_info=&#8220;{}&#8220;]<\/p>\n<p><span style=\"font-size: x-large; font-family: ABeeZee; font-weight: normal;\"><strong>Fotoshootings im Garagestyle \u2013 mit Farben!<\/strong><\/span><\/p>\n<p>Ein urbanes Set, echte Stahlplatten, Vintage-Tankstelle und ein farbenreiches Lichtsetup \u2013 f\u00fcr Bilder, die garantiert auffallen.<\/p>\n<p>Ob Familie, Paar oder Lifestyle-Portrait \u2013 dieses Shooting ist f\u00fcr alle, die etwas Besonderes wollen.<\/p>\n<p>Einzigartig in der Schweiz<br \/>Stylisches Garagen-Set mit farbigem Licht<br \/>Perfekt f\u00fcr Familien, Paare oder Einzelportraits<\/p>\n<p><strong>Jetzt bist du dran&#8230;<\/strong><\/p>\n<p>[\/et_pb_text][et_pb_button button_text=&#8220;Schreib uns eine WhatsApp&#8220; _builder_version=&#8220;4.27.6&#8243; _module_preset=&#8220;default&#8220; button_text_size=&#8220;32px&#8220; button_text_color=&#8220;#7CDA24&#8243; global_colors_info=&#8220;{}&#8220;][\/et_pb_button][\/et_pb_column][\/et_pb_row][\/et_pb_section][et_pb_section fb_built=&#8220;1&#8243; theme_builder_area=&#8220;post_content&#8220; _builder_version=&#8220;4.27.6&#8243; _module_preset=&#8220;default&#8220; background_color=&#8220;rgba(12,113,195,0.12)&#8220; hover_enabled=&#8220;0&#8243; sticky_enabled=&#8220;0&#8243;][et_pb_row column_structure=&#8220;1_3,1_3,1_3&#8243; _builder_version=&#8220;4.27.6&#8243; _module_preset=&#8220;default&#8220; hover_enabled=&#8220;0&#8243; global_colors_info=&#8220;{}&#8220; sticky_enabled=&#8220;0&#8243; theme_builder_area=&#8220;post_content&#8220;][et_pb_column type=&#8220;1_3&#8243; _builder_version=&#8220;4.27.6&#8243; _module_preset=&#8220;default&#8220; hover_enabled=&#8220;0&#8243; global_colors_info=&#8220;{}&#8220; sticky_enabled=&#8220;0&#8243; theme_builder_area=&#8220;post_content&#8220;][et_pb_image src=&#8220;https:\/\/fotostudiospreitenbach.ch\/wp-content\/uploads\/2024\/10\/Kopie-von-MoodboardFashionStreetware.png&#8220; alt=&#8220;Moodboard Models&#8220; title_text=&#8220;Moodboard Models&#8220; _builder_version=&#8220;4.27.6&#8243; _module_preset=&#8220;default&#8220; hover_enabled=&#8220;0&#8243; global_colors_info=&#8220;{}&#8220; width=&#8220;80%&#8220; max_width=&#8220;80%&#8220; sticky_enabled=&#8220;0&#8243; theme_builder_area=&#8220;post_content&#8220; align=&#8220;center&#8220;][\/et_pb_image][\/et_pb_column][et_pb_column type=&#8220;1_3&#8243; _builder_version=&#8220;4.27.6&#8243; _module_preset=&#8220;default&#8220; global_colors_info=&#8220;{}&#8220; theme_builder_area=&#8220;post_content&#8220;][et_pb_image src=&#8220;https:\/\/fotostudiospreitenbach.ch\/wp-content\/uploads\/2026\/03\/moodboard_Skizze.jpg&#8220; alt=&#8220;Moodbaoard Skizze&#8220; title_text=&#8220;moodboard_Skizze&#8220; _builder_version=&#8220;4.27.6&#8243; _module_preset=&#8220;default&#8220; hover_enabled=&#8220;0&#8243; global_colors_info=&#8220;{}&#8220; width=&#8220;80%&#8220; max_width=&#8220;80%&#8220; sticky_enabled=&#8220;0&#8243; theme_builder_area=&#8220;post_content&#8220; align=&#8220;center&#8220; custom_padding=&#8220;0px|||||&#8220; min_height=&#8220;426.7px&#8220;][\/et_pb_image][\/et_pb_column][et_pb_column type=&#8220;1_3&#8243; _builder_version=&#8220;4.27.6&#8243; _module_preset=&#8220;default&#8220; global_colors_info=&#8220;{}&#8220; theme_builder_area=&#8220;post_content&#8220;][et_pb_text _builder_version=&#8220;4.27.6&#8243; _module_preset=&#8220;default&#8220; text_font=&#8220;ABeeZee|&#8211;et_global_body_font_weight|||||||&#8220; text_font_size=&#8220;17px&#8220; hover_enabled=&#8220;0&#8243; inline_fonts=&#8220;ABeeZee&#8220; global_colors_info=&#8220;{}&#8220; sticky_enabled=&#8220;0&#8243; theme_builder_area=&#8220;post_content&#8220;]<\/p>\n<p><span style=\"font-size: x-large; font-family: ABeeZee; font-weight: normal;\"><strong>Ein Moodboard vor dem Shooting<\/strong><\/span><\/p>\n<p>Ein Moodboard im Fotostudio ist eine\u00a0visuelle Planungstafel (Collage) aus Bildern, Farben, Texturen und Beispielbildern, die Stimmung, Stil und Konzept eines Fotoshootings vorab festlegt. Es dient als zentrales Kommunikationsmittel zwischen Fotograf, Model, Stylisten und Kunden, um Ideen zu konkretisieren, Missverst\u00e4ndnisse zu vermeiden und die Bildsprache zu definieren.<\/p>\n<p>[\/et_pb_text][\/et_pb_column][\/et_pb_row][\/et_pb_section][et_pb_section fb_built=&#8220;1&#8243; theme_builder_area=&#8220;post_content&#8220; _builder_version=&#8220;4.27.6&#8243; _module_preset=&#8220;default&#8220;][et_pb_row _builder_version=&#8220;4.27.6&#8243; _module_preset=&#8220;default&#8220; theme_builder_area=&#8220;post_content&#8220; background_color=&#8220;RGBA(255,255,255,0)&#8220; hover_enabled=&#8220;0&#8243; sticky_enabled=&#8220;0&#8243;][et_pb_column _builder_version=&#8220;4.27.6&#8243; _module_preset=&#8220;default&#8220; type=&#8220;4_4&#8243; theme_builder_area=&#8220;post_content&#8220;][et_pb_pricing_tables _builder_version=&#8220;4.27.6&#8243; _module_preset=&#8220;default&#8220; theme_builder_area=&#8220;post_content&#8220; hover_enabled=&#8220;0&#8243; sticky_enabled=&#8220;0&#8243; price_text_color=&#8220;#22577a&#8220; header_text_color=&#8220;#0e0c19&#8243; custom_css_pricing_top=&#8220;border: none;&#8220; global_colors_info=&#8220;{%22gcid-primary-color%22:%91%22body_link_text_color%22,%22price_text_color%22,%22featured_table_background_color%22,%22currency_frequency_text_color%22,%22body_link_text_color%22,%22price_text_color%22,%22featured_table_background_color%22,%22currency_frequency_text_color%22,%22body_link_text_color%22,%22price_text_color%22,%22featured_table_background_color%22,%22currency_frequency_text_color%22,%22body_link_text_color%22,%22price_text_color%22,%22featured_table_background_color%22,%22currency_frequency_text_color%22,%22body_link_text_color%22,%22price_text_color%22,%22featured_table_background_color%22,%22currency_frequency_text_color%22,%22body_link_text_color%22,%22price_text_color%22,%22featured_table_background_color%22,%22currency_frequency_text_color%22,%22body_link_text_color%22,%22price_text_color%22,%22featured_table_background_color%22,%22currency_frequency_text_color%22,%22body_link_text_color%22,%22price_text_color%22,%22featured_table_background_color%22,%22currency_frequency_text_color%22,%22body_link_text_color%22,%22price_text_color%22,%22featured_table_background_color%22,%22currency_frequency_text_color%22%93,%22gcid-heading-color%22:%91%22header_text_color%22,%22header_text_color%22,%22header_text_color%22,%22header_text_color%22,%22header_text_color%22,%22header_text_color%22,%22header_text_color%22,%22header_text_color%22,%22header_text_color%22%93,%22gcid-body-color%22:%91%22body_text_color%22,%22subheader_text_color%22,%22body_text_color%22,%22subheader_text_color%22,%22body_text_color%22,%22subheader_text_color%22,%22body_text_color%22,%22subheader_text_color%22,%22body_text_color%22,%22subheader_text_color%22,%22body_text_color%22,%22subheader_text_color%22,%22body_text_color%22,%22subheader_text_color%22,%22body_text_color%22,%22subheader_text_color%22,%22body_text_color%22,%22subheader_text_color%22%93}&#8220; body_text_color=&#8220;#3c3a47&#8243; body_link_text_color=&#8220;#22577a&#8220; button_bg_enable_color=&#8220;on&#8220; subheader_text_color=&#8220;#3c3a47&#8243; price_letter_spacing__sticky_enabled=&#8220;off|desktop&#8220; custom_css_pricing_item=&#8220;padding-bottom: 1.25em;&#8220; border_width_all=&#8220;0px&#8220; featured_table_background_color=&#8220;#22577a&#8220; currency_frequency_text_color=&#8220;#22577a&#8220;][et_pb_pricing_table title=&#8220;FOTOSHOOTING&#8220; subtitle=&#8220;BASIC&#8220; currency=&#8220;CHF&#8220; sum=&#8220;150&#8243; _builder_version=&#8220;4.27.6&#8243; _module_preset=&#8220;default&#8220; theme_builder_area=&#8220;post_content&#8220; hover_enabled=&#8220;0&#8243; sticky_enabled=&#8220;0&#8243; background_color=&#8220;rgba(12,113,195,0.07)&#8220; background_enable_color=&#8220;on&#8220; header_font=&#8220;&#8211;et_global_heading_font|&#8211;et_global_body_font_weight|||||||&#8220; header_font_size=&#8220;20px&#8220;]<\/p>\n<p style=\"text-align: center;\">1 Stunde Fotoshooting mit einem Outfit, Administration, Bilderadminstation, 5 ausgew\u00e4hlte Bilder digital im HDR Format.<\/p>\n<p style=\"text-align: center;\">*jede weitere Stunde CHF 50.-<\/p>\n<p>[\/et_pb_pricing_table][et_pb_pricing_table title=&#8220;SEDCARD SHOOTING&#8220; subtitle=&#8220;Only for professional Models&#8220; currency=&#8220;CHF&#8220; sum=&#8220;180&#8243; _builder_version=&#8220;4.27.6&#8243; _module_preset=&#8220;default&#8220; theme_builder_area=&#8220;post_content&#8220; hover_enabled=&#8220;0&#8243; sticky_enabled=&#8220;0&#8243; background_color=&#8220;rgba(12,113,195,0.07)&#8220; background_enable_color=&#8220;on&#8220; header_font=&#8220;&#8211;et_global_heading_font|&#8211;et_global_body_font_weight|||||||&#8220; header_font_size=&#8220;20px&#8220;]<\/p>\n<p><span style=\"font-size: 14px; text-align: center;\">2 Outfits Fotoshooting, Administration, Bilderadministration, 5 ausgeh\u00e4lte Bilder f\u00fcr Sedcard, Digital und Ausgedruckt auf A4 f\u00fcr Modelmappe.<\/span><\/p>\n<p><span style=\"font-size: 14px; text-align: center;\">*jedes weiteres Outfit CHF 50.-<\/span><\/p>\n<p>[\/et_pb_pricing_table][\/et_pb_pricing_tables][\/et_pb_column][\/et_pb_row][\/et_pb_section]<\/p>\n","protected":false},"excerpt":{"rendered":"<p>Fotoshootings im Garagestyle \u2013 mit Farben! Ein urbanes Set, echte Stahlplatten, Vintage-Tankstelle und ein farbenreiches Lichtsetup \u2013 f\u00fcr Bilder, die garantiert auffallen. Ob Familie, Paar oder Lifestyle-Portrait \u2013 dieses Shooting ist f\u00fcr alle, die etwas Besonderes wollen. Einzigartig in der SchweizStylisches Garagen-Set mit farbigem LichtPerfekt f\u00fcr Familien, Paare oder Einzelportraits Jetzt bist du dran&#8230;Ein Moodboard [&hellip;]<\/p>\n","protected":false},"author":1,"featured_media":0,"parent":0,"menu_order":0,"comment_status":"closed","ping_status":"closed","template":"page-template-blank.php","meta":{"_et_pb_use_builder":"on","_et_pb_old_content":"","_et_gb_content_width":"","footnotes":""},"class_list":["post-48","page","type-page","status-publish","hentry"],"_links":{"self":[{"href":"https:\/\/fotostudiospreitenbach.ch\/index.php\/wp-json\/wp\/v2\/pages\/48","targetHints":{"allow":["GET"]}}],"collection":[{"href":"https:\/\/fotostudiospreitenbach.ch\/index.php\/wp-json\/wp\/v2\/pages"}],"about":[{"href":"https:\/\/fotostudiospreitenbach.ch\/index.php\/wp-json\/wp\/v2\/types\/page"}],"author":[{"embeddable":true,"href":"https:\/\/fotostudiospreitenbach.ch\/index.php\/wp-json\/wp\/v2\/users\/1"}],"replies":[{"embeddable":true,"href":"https:\/\/fotostudiospreitenbach.ch\/index.php\/wp-json\/wp\/v2\/comments?post=48"}],"version-history":[{"count":28,"href":"https:\/\/fotostudiospreitenbach.ch\/index.php\/wp-json\/wp\/v2\/pages\/48\/revisions"}],"predecessor-version":[{"id":207,"href":"https:\/\/fotostudiospreitenbach.ch\/index.php\/wp-json\/wp\/v2\/pages\/48\/revisions\/207"}],"wp:attachment":[{"href":"https:\/\/fotostudiospreitenbach.ch\/index.php\/wp-json\/wp\/v2\/media?parent=48"}],"curies":[{"name":"wp","href":"https:\/\/api.w.org\/{rel}","templated":true}]}}